{"id":133,"date":"2024-03-07T11:11:49","date_gmt":"2024-03-07T10:11:49","guid":{"rendered":"https:\/\/carolft.cluster030.hosting.ovh.net\/?page_id=133"},"modified":"2024-04-23T09:42:03","modified_gmt":"2024-04-23T07:42:03","slug":"reportages-photographiques","status":"publish","type":"page","link":"https:\/\/www.carolinelemoine.fr\/index.php\/reportages-photographiques\/","title":{"rendered":"Reportages"},"content":{"rendered":"\n<h2 class=\"wp-block-heading\">Henri Landier, Peintre et graveur<\/h2>\n\n\n\n<p>Henri Landier est un peintre et graveur install\u00e9 \u00e0 Montmartre. En 70 ans de carri\u00e8re, il a r\u00e9alis\u00e9 plus de 5000 peintures et 2000 gravures. <\/p>\n\n\n\n<p>La s\u00e9rie de photographies pr\u00e9sent\u00e9e est issue d&rsquo;un travail destin\u00e9 \u00e0 illustrer le livre paru pour pr\u00e9senter son travail  \u00ab\u00a0interpr\u00e9tations de Rembrandt\u00a0\u00bb. <\/p>\n\n\n\n<p>D\u00e9couvrir l&rsquo;oeuvre d&rsquo;Henri Landier sur son site <a href=\"http:\/\/www.artlepic.org\/\" target=\"_blank\" rel=\"noreferrer noopener\">Atelier d&rsquo;art Lepi<\/a><a href=\"http:\/\/www.artlepic.org\/\">c<\/a><\/p>\n\n\n\n<!-- default-view.php -->\n<div\n\tclass=\"ngg-galleryoverview default-view \n\t\t\"\n\tid=\"ngg-gallery-7bacb59a216b30725d8a749576343885-1\">\n\n\t\t<!-- Thumbnails -->\n\t\t\t\t<div id=\"ngg-image-0\" class=\"ngg-gallery-thumbnail-box \n\t\t\t\t\t\t\t\tngg-3-columns\t\t\t\" \n\t\t\t>\n\t\t\t\t\t\t<div class=\"ngg-gallery-thumbnail\">\n\t\t\t<a href=\"https:\/\/www.carolinelemoine.fr\/wp-content\/gallery\/henrilandier\/henri-landier-2013-7-450x250-1.jpg\"\n\t\t\t\ttitle=\"\"\n\t\t\t\tdata-src=\"https:\/\/www.carolinelemoine.fr\/wp-content\/gallery\/henrilandier\/henri-landier-2013-7-450x250-1.jpg\"\n\t\t\t\tdata-thumbnail=\"https:\/\/www.carolinelemoine.fr\/wp-content\/gallery\/henrilandier\/thumbs\/thumbs-henri-landier-2013-7-450x250-1.jpg\"\n\t\t\t\tdata-image-id=\"59\"\n\t\t\t\tdata-title=\"henri-landier-2013-7-450x250-1\"\n\t\t\t\tdata-description=\"\"\n\t\t\t\tdata-image-slug=\"henri-landier-2013-7-450x250-1\"\n\t\t\t\tclass=\"ngg-simplelightbox\" rel=\"7bacb59a216b30725d8a749576343885\">\n\t\t\t\t<img\n\t\t\t\t\ttitle=\"henri-landier-2013-7-450x250-1\"\n\t\t\t\t\talt=\"henri-landier-2013-7-450x250-1\"\n\t\t\t\t\tsrc=\"https:\/\/www.carolinelemoine.fr\/wp-content\/gallery\/henrilandier\/thumbs\/thumbs-henri-landier-2013-7-450x250-1.jpg\"\n\t\t\t\t\twidth=\"240\"\n\t\t\t\t\theight=\"160\"\n\t\t\t\t\tstyle=\"max-width:100%;\"\n\t\t\t\t\/>\n\t\t\t<\/a>\n\t\t<\/div>\n\t\t\t\t\t\t\t<\/div> \n\t\t\t\n\t\t\t\t<div id=\"ngg-image-1\" class=\"ngg-gallery-thumbnail-box \n\t\t\t\t\t\t\t\tngg-3-columns\t\t\t\" \n\t\t\t>\n\t\t\t\t\t\t<div class=\"ngg-gallery-thumbnail\">\n\t\t\t<a href=\"https:\/\/www.carolinelemoine.fr\/wp-content\/gallery\/henrilandier\/henri-landier-2013-10-400x250-1.jpg\"\n\t\t\t\ttitle=\"\"\n\t\t\t\tdata-src=\"https:\/\/www.carolinelemoine.fr\/wp-content\/gallery\/henrilandier\/henri-landier-2013-10-400x250-1.jpg\"\n\t\t\t\tdata-thumbnail=\"https:\/\/www.carolinelemoine.fr\/wp-content\/gallery\/henrilandier\/thumbs\/thumbs-henri-landier-2013-10-400x250-1.jpg\"\n\t\t\t\tdata-image-id=\"61\"\n\t\t\t\tdata-title=\"henri-landier-2013-10-400x250-1\"\n\t\t\t\tdata-description=\"\"\n\t\t\t\tdata-image-slug=\"henri-landier-2013-10-400x250-1\"\n\t\t\t\tclass=\"ngg-simplelightbox\" rel=\"7bacb59a216b30725d8a749576343885\">\n\t\t\t\t<img\n\t\t\t\t\ttitle=\"henri-landier-2013-10-400x250-1\"\n\t\t\t\t\talt=\"henri-landier-2013-10-400x250-1\"\n\t\t\t\t\tsrc=\"https:\/\/www.carolinelemoine.fr\/wp-content\/gallery\/henrilandier\/thumbs\/thumbs-henri-landier-2013-10-400x250-1.jpg\"\n\t\t\t\t\twidth=\"240\"\n\t\t\t\t\theight=\"160\"\n\t\t\t\t\tstyle=\"max-width:100%;\"\n\t\t\t\t\/>\n\t\t\t<\/a>\n\t\t<\/div>\n\t\t\t\t\t\t\t<\/div> \n\t\t\t\n\t\t\t\t<div id=\"ngg-image-2\" class=\"ngg-gallery-thumbnail-box \n\t\t\t\t\t\t\t\tngg-3-columns\t\t\t\" \n\t\t\t>\n\t\t\t\t\t\t<div class=\"ngg-gallery-thumbnail\">\n\t\t\t<a href=\"https:\/\/www.carolinelemoine.fr\/wp-content\/gallery\/henrilandier\/henri-landier-2013.jpg\"\n\t\t\t\ttitle=\"\"\n\t\t\t\tdata-src=\"https:\/\/www.carolinelemoine.fr\/wp-content\/gallery\/henrilandier\/henri-landier-2013.jpg\"\n\t\t\t\tdata-thumbnail=\"https:\/\/www.carolinelemoine.fr\/wp-content\/gallery\/henrilandier\/thumbs\/thumbs-henri-landier-2013.jpg\"\n\t\t\t\tdata-image-id=\"62\"\n\t\t\t\tdata-title=\"henri-landier-2013\"\n\t\t\t\tdata-description=\"\"\n\t\t\t\tdata-image-slug=\"henri-landier-2013-201\"\n\t\t\t\tclass=\"ngg-simplelightbox\" rel=\"7bacb59a216b30725d8a749576343885\">\n\t\t\t\t<img\n\t\t\t\t\ttitle=\"henri-landier-2013\"\n\t\t\t\t\talt=\"henri-landier-2013\"\n\t\t\t\t\tsrc=\"https:\/\/www.carolinelemoine.fr\/wp-content\/gallery\/henrilandier\/thumbs\/thumbs-henri-landier-2013.jpg\"\n\t\t\t\t\twidth=\"240\"\n\t\t\t\t\theight=\"160\"\n\t\t\t\t\tstyle=\"max-width:100%;\"\n\t\t\t\t\/>\n\t\t\t<\/a>\n\t\t<\/div>\n\t\t\t\t\t\t\t<\/div> \n\t\t\t\n\t\t\t\t<div id=\"ngg-image-3\" class=\"ngg-gallery-thumbnail-box \n\t\t\t\t\t\t\t\tngg-3-columns\t\t\t\" \n\t\t\t>\n\t\t\t\t\t\t<div class=\"ngg-gallery-thumbnail\">\n\t\t\t<a href=\"https:\/\/www.carolinelemoine.fr\/wp-content\/gallery\/henrilandier\/henri-landier-2013-17-400x250-1.jpg\"\n\t\t\t\ttitle=\"\"\n\t\t\t\tdata-src=\"https:\/\/www.carolinelemoine.fr\/wp-content\/gallery\/henrilandier\/henri-landier-2013-17-400x250-1.jpg\"\n\t\t\t\tdata-thumbnail=\"https:\/\/www.carolinelemoine.fr\/wp-content\/gallery\/henrilandier\/thumbs\/thumbs-henri-landier-2013-17-400x250-1.jpg\"\n\t\t\t\tdata-image-id=\"63\"\n\t\t\t\tdata-title=\"henri-landier-2013-17-400x250-1\"\n\t\t\t\tdata-description=\"\"\n\t\t\t\tdata-image-slug=\"henri-landier-2013-17-400x250-1\"\n\t\t\t\tclass=\"ngg-simplelightbox\" rel=\"7bacb59a216b30725d8a749576343885\">\n\t\t\t\t<img\n\t\t\t\t\ttitle=\"henri-landier-2013-17-400x250-1\"\n\t\t\t\t\talt=\"henri-landier-2013-17-400x250-1\"\n\t\t\t\t\tsrc=\"https:\/\/www.carolinelemoine.fr\/wp-content\/gallery\/henrilandier\/thumbs\/thumbs-henri-landier-2013-17-400x250-1.jpg\"\n\t\t\t\t\twidth=\"240\"\n\t\t\t\t\theight=\"160\"\n\t\t\t\t\tstyle=\"max-width:100%;\"\n\t\t\t\t\/>\n\t\t\t<\/a>\n\t\t<\/div>\n\t\t\t\t\t\t\t<\/div> \n\t\t\t\n\t\t\t\t<div id=\"ngg-image-4\" class=\"ngg-gallery-thumbnail-box \n\t\t\t\t\t\t\t\tngg-3-columns\t\t\t\" \n\t\t\t>\n\t\t\t\t\t\t<div class=\"ngg-gallery-thumbnail\">\n\t\t\t<a href=\"https:\/\/www.carolinelemoine.fr\/wp-content\/gallery\/henrilandier\/henri-landier-2013-2-450x250-1.jpg\"\n\t\t\t\ttitle=\"\"\n\t\t\t\tdata-src=\"https:\/\/www.carolinelemoine.fr\/wp-content\/gallery\/henrilandier\/henri-landier-2013-2-450x250-1.jpg\"\n\t\t\t\tdata-thumbnail=\"https:\/\/www.carolinelemoine.fr\/wp-content\/gallery\/henrilandier\/thumbs\/thumbs-henri-landier-2013-2-450x250-1.jpg\"\n\t\t\t\tdata-image-id=\"64\"\n\t\t\t\tdata-title=\"henri-landier-2013-2-450x250-1\"\n\t\t\t\tdata-description=\"\"\n\t\t\t\tdata-image-slug=\"henri-landier-2013-2-450x250-1\"\n\t\t\t\tclass=\"ngg-simplelightbox\" rel=\"7bacb59a216b30725d8a749576343885\">\n\t\t\t\t<img\n\t\t\t\t\ttitle=\"henri-landier-2013-2-450x250-1\"\n\t\t\t\t\talt=\"henri-landier-2013-2-450x250-1\"\n\t\t\t\t\tsrc=\"https:\/\/www.carolinelemoine.fr\/wp-content\/gallery\/henrilandier\/thumbs\/thumbs-henri-landier-2013-2-450x250-1.jpg\"\n\t\t\t\t\twidth=\"240\"\n\t\t\t\t\theight=\"160\"\n\t\t\t\t\tstyle=\"max-width:100%;\"\n\t\t\t\t\/>\n\t\t\t<\/a>\n\t\t<\/div>\n\t\t\t\t\t\t\t<\/div> \n\t\t\t\n\t\t\t\t<div id=\"ngg-image-5\" class=\"ngg-gallery-thumbnail-box \n\t\t\t\t\t\t\t\tngg-3-columns\t\t\t\" \n\t\t\t>\n\t\t\t\t\t\t<div class=\"ngg-gallery-thumbnail\">\n\t\t\t<a href=\"https:\/\/www.carolinelemoine.fr\/wp-content\/gallery\/henrilandier\/henri-landier-2013-6.jpg\"\n\t\t\t\ttitle=\"\"\n\t\t\t\tdata-src=\"https:\/\/www.carolinelemoine.fr\/wp-content\/gallery\/henrilandier\/henri-landier-2013-6.jpg\"\n\t\t\t\tdata-thumbnail=\"https:\/\/www.carolinelemoine.fr\/wp-content\/gallery\/henrilandier\/thumbs\/thumbs-henri-landier-2013-6.jpg\"\n\t\t\t\tdata-image-id=\"65\"\n\t\t\t\tdata-title=\"henri-landier-2013-6\"\n\t\t\t\tdata-description=\"\"\n\t\t\t\tdata-image-slug=\"henri-landier-2013-6\"\n\t\t\t\tclass=\"ngg-simplelightbox\" rel=\"7bacb59a216b30725d8a749576343885\">\n\t\t\t\t<img\n\t\t\t\t\ttitle=\"henri-landier-2013-6\"\n\t\t\t\t\talt=\"henri-landier-2013-6\"\n\t\t\t\t\tsrc=\"https:\/\/www.carolinelemoine.fr\/wp-content\/gallery\/henrilandier\/thumbs\/thumbs-henri-landier-2013-6.jpg\"\n\t\t\t\t\twidth=\"240\"\n\t\t\t\t\theight=\"160\"\n\t\t\t\t\tstyle=\"max-width:100%;\"\n\t\t\t\t\/>\n\t\t\t<\/a>\n\t\t<\/div>\n\t\t\t\t\t\t\t<\/div> \n\t\t\t\n\t\n\t<br style=\"clear: both\" \/>\n\n\t\n\t\t<!-- Pagination -->\n\t\t<div class='ngg-clear'><\/div>\t<\/div>\n\n\n\n\n<hr class=\"wp-block-separator has-alpha-channel-opacity\"\/>\n\n\n\n<h2 class=\"wp-block-heading\">4 saisons \u00e0 l&rsquo;h\u00f4pital de La Roche Guyon<\/h2>\n\n\n\n<p>L&rsquo;h\u00f4pital accueille des enfants polyhandicap\u00e9s. J&rsquo;ai suivi sur un an le quotidien des \u00e9quipes, des enfants et des familles, lors de 4 s\u00e9jours au gr\u00e9 des saisons. Par respect pour les familles la s\u00e9lection de photographies pr\u00e9sent\u00e9es regroupe des clich\u00e9s o\u00f9 les enfants ne sont pas visibles.<\/p>\n\n\n\n<p>Des photographies ont \u00e9t\u00e9 utilis\u00e9es pour illustrer le livre \u00ab\u00a0aux confins de la grande d\u00e9pendance\u00a0\u00bb aux \u00e9ditions Eres. <\/p>\n\n\n\n<!-- default-view.php -->\n<div\n\tclass=\"ngg-galleryoverview default-view \n\t\t\"\n\tid=\"ngg-gallery-53785d22c61d6a4a127f6d5234871a4f-1\">\n\n\t\t<!-- Thumbnails -->\n\t\t\t\t<div id=\"ngg-image-0\" class=\"ngg-gallery-thumbnail-box \n\t\t\t\t\t\t\t\tngg-3-columns\t\t\t\" \n\t\t\t>\n\t\t\t\t\t\t<div class=\"ngg-gallery-thumbnail\">\n\t\t\t<a href=\"https:\/\/www.carolinelemoine.fr\/wp-content\/gallery\/larocheguyon\/reportage-photographie-polyhandicap-1.jpg\"\n\t\t\t\ttitle=\"\"\n\t\t\t\tdata-src=\"https:\/\/www.carolinelemoine.fr\/wp-content\/gallery\/larocheguyon\/reportage-photographie-polyhandicap-1.jpg\"\n\t\t\t\tdata-thumbnail=\"https:\/\/www.carolinelemoine.fr\/wp-content\/gallery\/larocheguyon\/thumbs\/thumbs-reportage-photographie-polyhandicap-1.jpg\"\n\t\t\t\tdata-image-id=\"51\"\n\t\t\t\tdata-title=\"reportage-photographie-polyhandicap-1\"\n\t\t\t\tdata-description=\"\"\n\t\t\t\tdata-image-slug=\"reportage-photographie-polyhandicap-1\"\n\t\t\t\tclass=\"ngg-simplelightbox\" rel=\"53785d22c61d6a4a127f6d5234871a4f\">\n\t\t\t\t<img\n\t\t\t\t\ttitle=\"reportage-photographie-polyhandicap-1\"\n\t\t\t\t\talt=\"reportage-photographie-polyhandicap-1\"\n\t\t\t\t\tsrc=\"https:\/\/www.carolinelemoine.fr\/wp-content\/gallery\/larocheguyon\/thumbs\/thumbs-reportage-photographie-polyhandicap-1.jpg\"\n\t\t\t\t\twidth=\"240\"\n\t\t\t\t\theight=\"160\"\n\t\t\t\t\tstyle=\"max-width:100%;\"\n\t\t\t\t\/>\n\t\t\t<\/a>\n\t\t<\/div>\n\t\t\t\t\t\t\t<\/div> \n\t\t\t\n\t\t\t\t<div id=\"ngg-image-1\" class=\"ngg-gallery-thumbnail-box \n\t\t\t\t\t\t\t\tngg-3-columns\t\t\t\" \n\t\t\t>\n\t\t\t\t\t\t<div class=\"ngg-gallery-thumbnail\">\n\t\t\t<a href=\"https:\/\/www.carolinelemoine.fr\/wp-content\/gallery\/larocheguyon\/reportage-photographie-polyhandicap-2.jpg\"\n\t\t\t\ttitle=\"\"\n\t\t\t\tdata-src=\"https:\/\/www.carolinelemoine.fr\/wp-content\/gallery\/larocheguyon\/reportage-photographie-polyhandicap-2.jpg\"\n\t\t\t\tdata-thumbnail=\"https:\/\/www.carolinelemoine.fr\/wp-content\/gallery\/larocheguyon\/thumbs\/thumbs-reportage-photographie-polyhandicap-2.jpg\"\n\t\t\t\tdata-image-id=\"52\"\n\t\t\t\tdata-title=\"reportage-photographie-polyhandicap-2\"\n\t\t\t\tdata-description=\"\"\n\t\t\t\tdata-image-slug=\"reportage-photographie-polyhandicap-2\"\n\t\t\t\tclass=\"ngg-simplelightbox\" rel=\"53785d22c61d6a4a127f6d5234871a4f\">\n\t\t\t\t<img\n\t\t\t\t\ttitle=\"reportage-photographie-polyhandicap-2\"\n\t\t\t\t\talt=\"reportage-photographie-polyhandicap-2\"\n\t\t\t\t\tsrc=\"https:\/\/www.carolinelemoine.fr\/wp-content\/gallery\/larocheguyon\/thumbs\/thumbs-reportage-photographie-polyhandicap-2.jpg\"\n\t\t\t\t\twidth=\"240\"\n\t\t\t\t\theight=\"160\"\n\t\t\t\t\tstyle=\"max-width:100%;\"\n\t\t\t\t\/>\n\t\t\t<\/a>\n\t\t<\/div>\n\t\t\t\t\t\t\t<\/div> \n\t\t\t\n\t\t\t\t<div id=\"ngg-image-2\" class=\"ngg-gallery-thumbnail-box \n\t\t\t\t\t\t\t\tngg-3-columns\t\t\t\" \n\t\t\t>\n\t\t\t\t\t\t<div class=\"ngg-gallery-thumbnail\">\n\t\t\t<a href=\"https:\/\/www.carolinelemoine.fr\/wp-content\/gallery\/larocheguyon\/reportage-photographie-polyhandicap-5.jpg\"\n\t\t\t\ttitle=\"\"\n\t\t\t\tdata-src=\"https:\/\/www.carolinelemoine.fr\/wp-content\/gallery\/larocheguyon\/reportage-photographie-polyhandicap-5.jpg\"\n\t\t\t\tdata-thumbnail=\"https:\/\/www.carolinelemoine.fr\/wp-content\/gallery\/larocheguyon\/thumbs\/thumbs-reportage-photographie-polyhandicap-5.jpg\"\n\t\t\t\tdata-image-id=\"53\"\n\t\t\t\tdata-title=\"reportage-photographie-polyhandicap-5\"\n\t\t\t\tdata-description=\"\"\n\t\t\t\tdata-image-slug=\"reportage-photographie-polyhandicap-5\"\n\t\t\t\tclass=\"ngg-simplelightbox\" rel=\"53785d22c61d6a4a127f6d5234871a4f\">\n\t\t\t\t<img\n\t\t\t\t\ttitle=\"reportage-photographie-polyhandicap-5\"\n\t\t\t\t\talt=\"reportage-photographie-polyhandicap-5\"\n\t\t\t\t\tsrc=\"https:\/\/www.carolinelemoine.fr\/wp-content\/gallery\/larocheguyon\/thumbs\/thumbs-reportage-photographie-polyhandicap-5.jpg\"\n\t\t\t\t\twidth=\"240\"\n\t\t\t\t\theight=\"160\"\n\t\t\t\t\tstyle=\"max-width:100%;\"\n\t\t\t\t\/>\n\t\t\t<\/a>\n\t\t<\/div>\n\t\t\t\t\t\t\t<\/div> \n\t\t\t\n\t\t\t\t<div id=\"ngg-image-3\" class=\"ngg-gallery-thumbnail-box \n\t\t\t\t\t\t\t\tngg-3-columns\t\t\t\" \n\t\t\t>\n\t\t\t\t\t\t<div class=\"ngg-gallery-thumbnail\">\n\t\t\t<a href=\"https:\/\/www.carolinelemoine.fr\/wp-content\/gallery\/larocheguyon\/reportage-photographie-polyhandicap-4.jpg\"\n\t\t\t\ttitle=\"\"\n\t\t\t\tdata-src=\"https:\/\/www.carolinelemoine.fr\/wp-content\/gallery\/larocheguyon\/reportage-photographie-polyhandicap-4.jpg\"\n\t\t\t\tdata-thumbnail=\"https:\/\/www.carolinelemoine.fr\/wp-content\/gallery\/larocheguyon\/thumbs\/thumbs-reportage-photographie-polyhandicap-4.jpg\"\n\t\t\t\tdata-image-id=\"54\"\n\t\t\t\tdata-title=\"reportage-photographie-polyhandicap-4\"\n\t\t\t\tdata-description=\"\"\n\t\t\t\tdata-image-slug=\"reportage-photographie-polyhandicap-4\"\n\t\t\t\tclass=\"ngg-simplelightbox\" rel=\"53785d22c61d6a4a127f6d5234871a4f\">\n\t\t\t\t<img\n\t\t\t\t\ttitle=\"reportage-photographie-polyhandicap-4\"\n\t\t\t\t\talt=\"reportage-photographie-polyhandicap-4\"\n\t\t\t\t\tsrc=\"https:\/\/www.carolinelemoine.fr\/wp-content\/gallery\/larocheguyon\/thumbs\/thumbs-reportage-photographie-polyhandicap-4.jpg\"\n\t\t\t\t\twidth=\"240\"\n\t\t\t\t\theight=\"160\"\n\t\t\t\t\tstyle=\"max-width:100%;\"\n\t\t\t\t\/>\n\t\t\t<\/a>\n\t\t<\/div>\n\t\t\t\t\t\t\t<\/div> \n\t\t\t\n\t\t\t\t<div id=\"ngg-image-4\" class=\"ngg-gallery-thumbnail-box \n\t\t\t\t\t\t\t\tngg-3-columns\t\t\t\" \n\t\t\t>\n\t\t\t\t\t\t<div class=\"ngg-gallery-thumbnail\">\n\t\t\t<a href=\"https:\/\/www.carolinelemoine.fr\/wp-content\/gallery\/larocheguyon\/reportage-photographie-polyhandicap-6.jpg\"\n\t\t\t\ttitle=\"\"\n\t\t\t\tdata-src=\"https:\/\/www.carolinelemoine.fr\/wp-content\/gallery\/larocheguyon\/reportage-photographie-polyhandicap-6.jpg\"\n\t\t\t\tdata-thumbnail=\"https:\/\/www.carolinelemoine.fr\/wp-content\/gallery\/larocheguyon\/thumbs\/thumbs-reportage-photographie-polyhandicap-6.jpg\"\n\t\t\t\tdata-image-id=\"55\"\n\t\t\t\tdata-title=\"reportage-photographie-polyhandicap-6\"\n\t\t\t\tdata-description=\"\"\n\t\t\t\tdata-image-slug=\"reportage-photographie-polyhandicap-6\"\n\t\t\t\tclass=\"ngg-simplelightbox\" rel=\"53785d22c61d6a4a127f6d5234871a4f\">\n\t\t\t\t<img\n\t\t\t\t\ttitle=\"reportage-photographie-polyhandicap-6\"\n\t\t\t\t\talt=\"reportage-photographie-polyhandicap-6\"\n\t\t\t\t\tsrc=\"https:\/\/www.carolinelemoine.fr\/wp-content\/gallery\/larocheguyon\/thumbs\/thumbs-reportage-photographie-polyhandicap-6.jpg\"\n\t\t\t\t\twidth=\"240\"\n\t\t\t\t\theight=\"160\"\n\t\t\t\t\tstyle=\"max-width:100%;\"\n\t\t\t\t\/>\n\t\t\t<\/a>\n\t\t<\/div>\n\t\t\t\t\t\t\t<\/div> \n\t\t\t\n\t\t\t\t<div id=\"ngg-image-5\" class=\"ngg-gallery-thumbnail-box \n\t\t\t\t\t\t\t\tngg-3-columns\t\t\t\" \n\t\t\t>\n\t\t\t\t\t\t<div class=\"ngg-gallery-thumbnail\">\n\t\t\t<a href=\"https:\/\/www.carolinelemoine.fr\/wp-content\/gallery\/larocheguyon\/reportage-photographie-polyhandicap-7.jpg\"\n\t\t\t\ttitle=\"\"\n\t\t\t\tdata-src=\"https:\/\/www.carolinelemoine.fr\/wp-content\/gallery\/larocheguyon\/reportage-photographie-polyhandicap-7.jpg\"\n\t\t\t\tdata-thumbnail=\"https:\/\/www.carolinelemoine.fr\/wp-content\/gallery\/larocheguyon\/thumbs\/thumbs-reportage-photographie-polyhandicap-7.jpg\"\n\t\t\t\tdata-image-id=\"56\"\n\t\t\t\tdata-title=\"reportage-photographie-polyhandicap-7\"\n\t\t\t\tdata-description=\"\"\n\t\t\t\tdata-image-slug=\"reportage-photographie-polyhandicap-7\"\n\t\t\t\tclass=\"ngg-simplelightbox\" rel=\"53785d22c61d6a4a127f6d5234871a4f\">\n\t\t\t\t<img\n\t\t\t\t\ttitle=\"reportage-photographie-polyhandicap-7\"\n\t\t\t\t\talt=\"reportage-photographie-polyhandicap-7\"\n\t\t\t\t\tsrc=\"https:\/\/www.carolinelemoine.fr\/wp-content\/gallery\/larocheguyon\/thumbs\/thumbs-reportage-photographie-polyhandicap-7.jpg\"\n\t\t\t\t\twidth=\"240\"\n\t\t\t\t\theight=\"160\"\n\t\t\t\t\tstyle=\"max-width:100%;\"\n\t\t\t\t\/>\n\t\t\t<\/a>\n\t\t<\/div>\n\t\t\t\t\t\t\t<\/div> \n\t\t\t\n\t\t\t\t<div id=\"ngg-image-6\" class=\"ngg-gallery-thumbnail-box \n\t\t\t\t\t\t\t\tngg-3-columns\t\t\t\" \n\t\t\t>\n\t\t\t\t\t\t<div class=\"ngg-gallery-thumbnail\">\n\t\t\t<a href=\"https:\/\/www.carolinelemoine.fr\/wp-content\/gallery\/larocheguyon\/reportage-photographie-polyhandicap-8.jpg\"\n\t\t\t\ttitle=\"\"\n\t\t\t\tdata-src=\"https:\/\/www.carolinelemoine.fr\/wp-content\/gallery\/larocheguyon\/reportage-photographie-polyhandicap-8.jpg\"\n\t\t\t\tdata-thumbnail=\"https:\/\/www.carolinelemoine.fr\/wp-content\/gallery\/larocheguyon\/thumbs\/thumbs-reportage-photographie-polyhandicap-8.jpg\"\n\t\t\t\tdata-image-id=\"57\"\n\t\t\t\tdata-title=\"reportage-photographie-polyhandicap-8\"\n\t\t\t\tdata-description=\"\"\n\t\t\t\tdata-image-slug=\"reportage-photographie-polyhandicap-8\"\n\t\t\t\tclass=\"ngg-simplelightbox\" rel=\"53785d22c61d6a4a127f6d5234871a4f\">\n\t\t\t\t<img\n\t\t\t\t\ttitle=\"reportage-photographie-polyhandicap-8\"\n\t\t\t\t\talt=\"reportage-photographie-polyhandicap-8\"\n\t\t\t\t\tsrc=\"https:\/\/www.carolinelemoine.fr\/wp-content\/gallery\/larocheguyon\/thumbs\/thumbs-reportage-photographie-polyhandicap-8.jpg\"\n\t\t\t\t\twidth=\"240\"\n\t\t\t\t\theight=\"160\"\n\t\t\t\t\tstyle=\"max-width:100%;\"\n\t\t\t\t\/>\n\t\t\t<\/a>\n\t\t<\/div>\n\t\t\t\t\t\t\t<\/div> \n\t\t\t\n\t\t\t\t<div id=\"ngg-image-7\" class=\"ngg-gallery-thumbnail-box \n\t\t\t\t\t\t\t\tngg-3-columns\t\t\t\" \n\t\t\t>\n\t\t\t\t\t\t<div class=\"ngg-gallery-thumbnail\">\n\t\t\t<a href=\"https:\/\/www.carolinelemoine.fr\/wp-content\/gallery\/larocheguyon\/reportage-photographie-polyhandicap-9.jpg\"\n\t\t\t\ttitle=\"\"\n\t\t\t\tdata-src=\"https:\/\/www.carolinelemoine.fr\/wp-content\/gallery\/larocheguyon\/reportage-photographie-polyhandicap-9.jpg\"\n\t\t\t\tdata-thumbnail=\"https:\/\/www.carolinelemoine.fr\/wp-content\/gallery\/larocheguyon\/thumbs\/thumbs-reportage-photographie-polyhandicap-9.jpg\"\n\t\t\t\tdata-image-id=\"58\"\n\t\t\t\tdata-title=\"reportage-photographie-polyhandicap-9\"\n\t\t\t\tdata-description=\"\"\n\t\t\t\tdata-image-slug=\"reportage-photographie-polyhandicap-9\"\n\t\t\t\tclass=\"ngg-simplelightbox\" rel=\"53785d22c61d6a4a127f6d5234871a4f\">\n\t\t\t\t<img\n\t\t\t\t\ttitle=\"reportage-photographie-polyhandicap-9\"\n\t\t\t\t\talt=\"reportage-photographie-polyhandicap-9\"\n\t\t\t\t\tsrc=\"https:\/\/www.carolinelemoine.fr\/wp-content\/gallery\/larocheguyon\/thumbs\/thumbs-reportage-photographie-polyhandicap-9.jpg\"\n\t\t\t\t\twidth=\"240\"\n\t\t\t\t\theight=\"160\"\n\t\t\t\t\tstyle=\"max-width:100%;\"\n\t\t\t\t\/>\n\t\t\t<\/a>\n\t\t<\/div>\n\t\t\t\t\t\t\t<\/div> \n\t\t\t\n\t\t\t\t<div id=\"ngg-image-8\" class=\"ngg-gallery-thumbnail-box \n\t\t\t\t\t\t\t\tngg-3-columns\t\t\t\" \n\t\t\t>\n\t\t\t\t\t\t<div class=\"ngg-gallery-thumbnail\">\n\t\t\t<a href=\"https:\/\/www.carolinelemoine.fr\/wp-content\/gallery\/larocheguyon\/confins_grande_dependance.jpg\"\n\t\t\t\ttitle=\"\"\n\t\t\t\tdata-src=\"https:\/\/www.carolinelemoine.fr\/wp-content\/gallery\/larocheguyon\/confins_grande_dependance.jpg\"\n\t\t\t\tdata-thumbnail=\"https:\/\/www.carolinelemoine.fr\/wp-content\/gallery\/larocheguyon\/thumbs\/thumbs-confins_grande_dependance.jpg\"\n\t\t\t\tdata-image-id=\"66\"\n\t\t\t\tdata-title=\"confins_grande_dependance\"\n\t\t\t\tdata-description=\"\"\n\t\t\t\tdata-image-slug=\"confins_grande_dependance\"\n\t\t\t\tclass=\"ngg-simplelightbox\" rel=\"53785d22c61d6a4a127f6d5234871a4f\">\n\t\t\t\t<img\n\t\t\t\t\ttitle=\"confins_grande_dependance\"\n\t\t\t\t\talt=\"confins_grande_dependance\"\n\t\t\t\t\tsrc=\"https:\/\/www.carolinelemoine.fr\/wp-content\/gallery\/larocheguyon\/thumbs\/thumbs-confins_grande_dependance.jpg\"\n\t\t\t\t\twidth=\"240\"\n\t\t\t\t\theight=\"160\"\n\t\t\t\t\tstyle=\"max-width:100%;\"\n\t\t\t\t\/>\n\t\t\t<\/a>\n\t\t<\/div>\n\t\t\t\t\t\t\t<\/div> \n\t\t\t\n\t\n\t<br style=\"clear: both\" \/>\n\n\t\n\t\t<!-- Pagination -->\n\t\t<div class='ngg-clear'><\/div>\t<\/div>\n\n","protected":false},"excerpt":{"rendered":"<p>Henri Landier, Peintre et graveur Henri Landier est un peintre et graveur install\u00e9 \u00e0 Montmartre. En 70 ans de carri\u00e8re, il a r\u00e9alis\u00e9 plus de 5000 peintures et 2000 gravures. La s\u00e9rie de photographies pr\u00e9sent\u00e9e est issue d&rsquo;un travail destin\u00e9 \u00e0 illustrer le livre paru pour pr\u00e9senter son travail \u00ab\u00a0interpr\u00e9tations de Rembrandt\u00a0\u00bb. D\u00e9couvrir l&rsquo;oeuvre d&rsquo;Henri [&hellip;]<\/p>\n","protected":false},"author":1,"featured_media":140,"parent":0,"menu_order":0,"comment_status":"closed","ping_status":"closed","template":"","meta":{"ngg_post_thumbnail":0,"footnotes":""},"class_list":["post-133","page","type-page","status-publish","has-post-thumbnail","hentry"],"_links":{"self":[{"href":"https:\/\/www.carolinelemoine.fr\/index.php\/wp-json\/wp\/v2\/pages\/133","targetHints":{"allow":["GET"]}}],"collection":[{"href":"https:\/\/www.carolinelemoine.fr\/index.php\/wp-json\/wp\/v2\/pages"}],"about":[{"href":"https:\/\/www.carolinelemoine.fr\/index.php\/wp-json\/wp\/v2\/types\/page"}],"author":[{"embeddable":true,"href":"https:\/\/www.carolinelemoine.fr\/index.php\/wp-json\/wp\/v2\/users\/1"}],"replies":[{"embeddable":true,"href":"https:\/\/www.carolinelemoine.fr\/index.php\/wp-json\/wp\/v2\/comments?post=133"}],"version-history":[{"count":6,"href":"https:\/\/www.carolinelemoine.fr\/index.php\/wp-json\/wp\/v2\/pages\/133\/revisions"}],"predecessor-version":[{"id":355,"href":"https:\/\/www.carolinelemoine.fr\/index.php\/wp-json\/wp\/v2\/pages\/133\/revisions\/355"}],"wp:featuredmedia":[{"embeddable":true,"href":"https:\/\/www.carolinelemoine.fr\/index.php\/wp-json\/wp\/v2\/media\/140"}],"wp:attachment":[{"href":"https:\/\/www.carolinelemoine.fr\/index.php\/wp-json\/wp\/v2\/media?parent=133"}],"curies":[{"name":"wp","href":"https:\/\/api.w.org\/{rel}","templated":true}]}}