{"id":395,"date":"2024-12-09T17:28:25","date_gmt":"2024-12-09T16:28:25","guid":{"rendered":"http:\/\/www.carolinelemoine.fr\/?page_id=395"},"modified":"2024-12-09T18:08:12","modified_gmt":"2024-12-09T17:08:12","slug":"tarifs","status":"publish","type":"page","link":"https:\/\/www.carolinelemoine.fr\/index.php\/tarifs\/","title":{"rendered":"Tarifs"},"content":{"rendered":"\n<p>Les tarifs pr\u00e9sent\u00e9s concernent les s\u00e9ances photo portrait. <br>Pour des \u00e9v\u00e8nements familiaux ou des reportages, le tarif est donn\u00e9 apr\u00e8s devis.<\/p>\n\n\n\n<figure class=\"wp-block-table is-style-stripes has-small-font-size\"><table class=\"has-subtle-background-background-color has-background has-fixed-layout\"><tbody><tr><td><\/td><td><strong>Studio Classique<\/strong><\/td><td><strong>Studio \u00e0 domicile<\/strong><\/td><td><strong>Portrait en ext\u00e9rieur<\/strong><\/td><td><strong>\u00ab\u00a0Comme \u00e0 l&rsquo;atelier\u00a0\u00bb<\/strong><\/td><\/tr><tr><td>Lieu<\/td><td>Clairefontaine<\/td><td>A votre domicile (20 km de Rambouillet)<\/td><td>Paris \/ Rambouillet \/ Versailles<\/td><td>Clairefontaine<\/td><\/tr><tr><td>Dur\u00e9e de la s\u00e9ance<\/td><td>1h<\/td><td>1h<\/td><td>1h30<\/td><td>1h30<\/td><\/tr><tr><td>Nombre de participants<br>(animaux inclus)<\/td><td>1 \u00e0 2<\/td><td>1 \u00e0 2<\/td><td>1 \u00e0 2<\/td><td>1 \u00e0 2<\/td><\/tr><tr><td>Tirages<\/td><td>3 tirages 20 x 30 cm. Impression jet d&rsquo;encre HD papier digital. <\/td><td>3 tirages 20 x 30 cm. Impression jet d&rsquo;encre HD papier digital. <\/td><td>3 tirages 20 x 30 cm. Impression jet d&rsquo;encre HD papier digital. <\/td><td>1 tirage unique, 30 x 45 cm sur papier d&rsquo;art qualit\u00e9 mus\u00e9e, r\u00e9hauss\u00e9 de peinture<\/td><\/tr><tr><td>Encadrement et passe-partout<\/td><td>Non<\/td><td>Non<\/td><td>Non<\/td><td>Oui<\/td><\/tr><tr><td>Supports num\u00e9riques haute d\u00e9finition et basse d\u00e9finition<\/td><td>Oui (5 \u00e0 10)<\/td><td>Oui (5 \u00e0 10)<\/td><td>Oui (5 \u00e0 10)<\/td><td>Non<\/td><\/tr><tr><td><\/td><td><\/td><td><\/td><td><\/td><td><\/td><\/tr><tr><td>Tarif<\/td><td><strong>150 euros<\/strong><\/td><td><strong>170 euros<\/strong><\/td><td><strong>120 euros<\/strong><\/td><td><strong>400 euros<\/strong><\/td><\/tr><tr><td><strong>Options<\/strong><\/td><td><\/td><td><\/td><td><\/td><td><\/td><\/tr><tr><td>Participant suppl\u00e9mentaire<\/td><td>30 euros<br>(5 personnes max.)<\/td><td>30 euros<br>(nb max : en fonction de l&rsquo;espace)<\/td><td>Non<\/td><td>30 euros<br>(3 personnes max)<\/td><\/tr><tr><td>Encadrement avec verre anti-reflet<\/td><td><\/td><td><\/td><td><\/td><td>60 euros<\/td><\/tr><\/tbody><\/table><\/figure>\n\n\n\n<p><\/p>\n","protected":false},"excerpt":{"rendered":"<p>Les tarifs pr\u00e9sent\u00e9s concernent les s\u00e9ances photo portrait. Pour des \u00e9v\u00e8nements familiaux ou des reportages, le tarif est donn\u00e9 apr\u00e8s devis. Studio Classique Studio \u00e0 domicile Portrait en ext\u00e9rieur \u00ab\u00a0Comme \u00e0 l&rsquo;atelier\u00a0\u00bb Lieu Clairefontaine A votre domicile (20 km de Rambouillet) Paris \/ Rambouillet \/ Versailles Clairefontaine Dur\u00e9e de la s\u00e9ance 1h 1h 1h30 1h30 [&hellip;]<\/p>\n","protected":false},"author":1,"featured_media":405,"parent":0,"menu_order":0,"comment_status":"closed","ping_status":"closed","template":"","meta":{"ngg_post_thumbnail":0,"footnotes":""},"class_list":["post-395","page","type-page","status-publish","has-post-thumbnail","hentry"],"_links":{"self":[{"href":"https:\/\/www.carolinelemoine.fr\/index.php\/wp-json\/wp\/v2\/pages\/395","targetHints":{"allow":["GET"]}}],"collection":[{"href":"https:\/\/www.carolinelemoine.fr\/index.php\/wp-json\/wp\/v2\/pages"}],"about":[{"href":"https:\/\/www.carolinelemoine.fr\/index.php\/wp-json\/wp\/v2\/types\/page"}],"author":[{"embeddable":true,"href":"https:\/\/www.carolinelemoine.fr\/index.php\/wp-json\/wp\/v2\/users\/1"}],"replies":[{"embeddable":true,"href":"https:\/\/www.carolinelemoine.fr\/index.php\/wp-json\/wp\/v2\/comments?post=395"}],"version-history":[{"count":10,"href":"https:\/\/www.carolinelemoine.fr\/index.php\/wp-json\/wp\/v2\/pages\/395\/revisions"}],"predecessor-version":[{"id":415,"href":"https:\/\/www.carolinelemoine.fr\/index.php\/wp-json\/wp\/v2\/pages\/395\/revisions\/415"}],"wp:featuredmedia":[{"embeddable":true,"href":"https:\/\/www.carolinelemoine.fr\/index.php\/wp-json\/wp\/v2\/media\/405"}],"wp:attachment":[{"href":"https:\/\/www.carolinelemoine.fr\/index.php\/wp-json\/wp\/v2\/media?parent=395"}],"curies":[{"name":"wp","href":"https:\/\/api.w.org\/{rel}","templated":true}]}}